{"id":105,"date":"2013-04-29T15:19:59","date_gmt":"2013-04-29T14:19:59","guid":{"rendered":"http:\/\/www.untapisaparis.fr\/?page_id=105"},"modified":"2020-01-31T10:17:02","modified_gmt":"2020-01-31T09:17:02","slug":"terms-conditions","status":"publish","type":"page","link":"https:\/\/www.untapisaparis.fr\/en\/terms-conditions\/","title":{"rendered":"Terms &#038; Conditions"},"content":{"rendered":"<p><div class=\"fusion-fullwidth fullwidth-box fusion-builder-row-1 fusion-flex-container nonhundred-percent-fullwidth non-hundred-percent-height-scrolling\" style=\"--awb-border-radius-top-left:0px;--awb-border-radius-top-right:0px;--awb-border-radius-bottom-right:0px;--awb-border-radius-bottom-left:0px;--awb-flex-wrap:wrap;\" ><div class=\"fusion-builder-row fusion-row fusion-flex-align-items-flex-start fusion-flex-content-wrap\" style=\"max-width:calc( 1100px + 0px );margin-left: calc(-0px \/ 2 );margin-right: calc(-0px \/ 2 );\"><div class=\"fusion-layout-column fusion_builder_column fusion-builder-column-0 fusion_builder_column_1_1 1_1 fusion-flex-column\" style=\"--awb-bg-size:cover;--awb-width-large:100%;--awb-margin-top-large:0px;--awb-spacing-right-large:0px;--awb-margin-bottom-large:20px;--awb-spacing-left-large:0px;--awb-width-medium:100%;--awb-spacing-right-medium:0px;--awb-spacing-left-medium:0px;--awb-width-small:100%;--awb-spacing-right-small:0px;--awb-spacing-left-small:0px;\"><div class=\"fusion-column-wrapper fusion-column-has-shadow fusion-flex-justify-content-flex-start fusion-content-layout-column\"><!-- Global site tag (gtag.js) - Google Analytics -->\n<script async src=\"https:\/\/www.googletagmanager.com\/gtag\/js?id=UA-44799108-1\"><\/script>\n<script>\n  window.dataLayer = window.dataLayer || [];\n  function gtag(){dataLayer.push(arguments);}\n  gtag('js', new Date());\n\n  gtag('config', 'UA-44799108-1');\n<\/script>\n<\/div><\/div><\/div><\/div><div class=\"fusion-fullwidth fullwidth-box fusion-builder-row-2 fusion-flex-container nonhundred-percent-fullwidth non-hundred-percent-height-scrolling\" style=\"--awb-border-radius-top-left:0px;--awb-border-radius-top-right:0px;--awb-border-radius-bottom-right:0px;--awb-border-radius-bottom-left:0px;--awb-flex-wrap:wrap;\" ><div class=\"fusion-builder-row fusion-row fusion-flex-align-items-flex-start fusion-flex-content-wrap\" style=\"max-width:calc( 1100px + 0px );margin-left: calc(-0px \/ 2 );margin-right: calc(-0px \/ 2 );\"><div class=\"fusion-layout-column fusion_builder_column fusion-builder-column-1 fusion_builder_column_1_1 1_1 fusion-flex-column\" style=\"--awb-bg-size:cover;--awb-width-large:100%;--awb-margin-top-large:0px;--awb-spacing-right-large:0px;--awb-margin-bottom-large:0px;--awb-spacing-left-large:0px;--awb-width-medium:100%;--awb-spacing-right-medium:0px;--awb-spacing-left-medium:0px;--awb-width-small:100%;--awb-spacing-right-small:0px;--awb-spacing-left-small:0px;\"><div class=\"fusion-column-wrapper fusion-flex-justify-content-flex-start fusion-content-layout-column\"><div class=\"fusion-text fusion-text-1\"><h1>CONDITIONS GENERALES DE VENTE<\/h1>\n<h2>Pr\u00e9ambule<\/h2>\n<p>Ces informations sont pr\u00e9sent\u00e9es en langue fran\u00e7aise. Le consommateur d\u00e9clare avoir la pleine capacit\u00e9 juridique lui permettant de s&#8217;engager au titre des pr\u00e9sentes conditions g\u00e9n\u00e9rales.<\/p>\n<p>Les pr\u00e9sentes conditions de vente sont conclues entre d\u2019une part la soci\u00e9t\u00e9 &#8220;un Tapis \u00e0 Paris&#8221; sarl au capital de 3000 euros dont le si\u00e8ge social est sis 11 rue Royale, 75008 Paris, immatricul\u00e9e au registre du commerce et des soci\u00e9t\u00e9s de Paris sous le num\u00e9ro de 792 355 612 RCS Paris \u00a0ci-apr\u00e8s d\u00e9nomm\u00e9e le vendeur &#8220;un Tapis \u00e0 Paris&#8221; et d&#8217;autre part, toute personne physique ou morale souhaitant proc\u00e9der \u00e0 un achat via le site Internet de &#8220;un Tapis \u00e0 Paris&#8221; d\u00e9nomm\u00e9e ci-apr\u00e8s &#8220;l&#8217;acheteur&#8221;.<\/p>\n<h2>Objet<\/h2>\n<p>Les pr\u00e9sentes conditions de vente visent \u00e0 d\u00e9finir les relations contractuelles entre &#8220;un Tapis \u00e0 Paris&#8221;\u00a0et l&#8217;acheteur et les conditions applicables \u00e0 tout achat effectu\u00e9 par le biais du site marchand de &#8220;un Tapis \u00e0 Paris&#8221;\u00a0, que l&#8217;acheteur soit professionnel ou consommateur.<br \/>\nL&#8217;acquisition d&#8217;un bien ou d&#8217;un service \u00e0 travers le pr\u00e9sent site implique une acceptation sans r\u00e9serve par l&#8217;acheteur des pr\u00e9sentes conditions de vente.<br \/>\nCes conditions de vente pr\u00e9vaudront sur toutes autres conditions g\u00e9n\u00e9rales ou particuli\u00e8res non express\u00e9ment agr\u00e9\u00e9es par &#8220;un Tapis \u00e0 Paris&#8221;.<br \/>\n&#8220;un Tapis \u00e0 Paris&#8221;\u00a0se r\u00e9serve de pouvoir modifier ses conditions de vente \u00e0 tout moment. Dans ce cas, les conditions applicables seront celles en vigueur \u00e0 la date de la commande par l&#8217;acheteur.<\/p>\n<h2>Caract\u00e9ristiques des biens et services propos\u00e9s<\/h2>\n<p>Les produits et services offerts sont ceux qui figurent dans le catalogue publi\u00e9 dans le site de\u00a0&#8220;un Tapis \u00e0 Paris&#8221;<br \/>\nCes produits et services sont offerts dans la limite des stocks disponibles.<br \/>\nChaque produit est accompagn\u00e9 d&#8217;un descriptif \u00e9tabli par le fournisseur; pour certains d&#8217;entre eux, l&#8217;acheteur peut avoir acc\u00e8s \u00e0 la documentation du fournisseur.<br \/>\nLes photographies du catalogue sont les plus fid\u00e8les possibles mais ne peuvent assurer une similitude parfaite avec le produit offert, notamment en ce qui concerne les couleurs.<br \/>\nLa couleur des tapis visible sur les photo pr\u00e9vaut sur le nom des coloris que nous associons \u00e0 ces tapis, lequel est donn\u00e9 par notre libre appr\u00e9ciation.<\/p>\n<h2>Tarifs<\/h2>\n<p>Les prix figurant dans le catalogue sont des prix TTC en euro tenant compte de la TVA applicable au jour de la commande; tout changement du taux pourra \u00eatre r\u00e9percut\u00e9 sur le prix des produits ou des services.<br \/>\n&#8220;un Tapis \u00e0 Paris&#8221;\u00a0se r\u00e9serve de modifier ses prix \u00e0 tout moment, \u00e9tant toutefois entendu que le prix figurant au catalogue le jour de la commande sera le seul applicable \u00e0 l&#8217;acheteur.<br \/>\nLes prix indiqu\u00e9s ne comprennent pas les frais de transport et de livraison.<br \/>\nLes frais de livraison sont calcul\u00e9s en fonction du montant de la commande et du pays de livraison.<br \/>\n&#8220;un Tapis \u00e0 Paris&#8221;\u00a0livre en France et \u00e0 l&#8217;\u00e9tranger.<\/p>\n<h2>Commandes<\/h2>\n<p>L&#8217;acheteur, qui souhaite acheter un produit ou un service doit obligatoirement:<br \/>\n\u2013 remplir la fiche d&#8217;identification sur laquelle il indiquera toutes les coordonn\u00e9es demand\u00e9es<br \/>\n\u2013 remplir le bon de commande en ligne en donnant toutes les r\u00e9f\u00e9rences des produits ou services choisis<br \/>\n\u2013 valider sa commande apr\u00e8s l&#8217;avoir v\u00e9rifi\u00e9e<br \/>\nLa confirmation de la commande entra\u00eene acceptation des pr\u00e9sentes conditions de vente, la reconnaissance d&#8217;en avoir parfaite connaissance et la renonciation \u00e0 se pr\u00e9valoir de ses propres conditions d&#8217;achat ou d&#8217;autres conditions.<br \/>\nL&#8217;ensemble des donn\u00e9es fournies et la confirmation enregistr\u00e9e vaudront preuve de la transaction. La confirmation vaudra signature et acceptation des op\u00e9rations effectu\u00e9es.<br \/>\nLe vendeur communiquera par courrier \u00e9lectronique une confirmation de la commande enregistr\u00e9e et fournira tous les \u00e9l\u00e9ments concernant le paiement et les frais de livraison.<\/p>\n<h2>R\u00e9tractation<\/h2>\n<p>Les acheteurs, personnes physiques non professionnelles, b\u00e9n\u00e9ficient d&#8217;un d\u00e9lai de r\u00e9tractation de sept jours \u00e0 compter de la confirmation de la commande.<\/p>\n<h2>Modalit\u00e9s de paiement<\/h2>\n<p>Les paiements seront effectu\u00e9s par virement bancaire.\u00a0Un acompte de 50% sera demand\u00e9 pour confirmation de commande.\u00a0\u00a0Le solde sera \u00e0 r\u00e9gler 48h avant la livraison.<\/p>\n<p><em id=\"__mceDel\">\u00c0 la demande de l&#8217;acheteur, il lui sera adress\u00e9e une facture sur papier faisant ressortir la TVA.<\/em><\/p>\n<h2>Livraisons<\/h2>\n<p>Les livraisons sont faites \u00e0 l&#8217;adresse indiqu\u00e9e dans le bon de commande qui ne peut \u00eatre que dans la zone g\u00e9ographique convenue.<br \/>\nLes risques sont \u00e0 la charge de l&#8217;acqu\u00e9reur \u00e0 compter du moment o\u00f9 les produits ont quitt\u00e9 les locaux de &#8220;un Tapis \u00e0 Paris&#8221;.\u00a0\u00a0En cas de dommage pendant le transport, la protestation motiv\u00e9e doit \u00eatre formul\u00e9e aupr\u00e8s du transporteur dans un d\u00e9lai de trois jours \u00e0 compter de la livraison.<br \/>\nLes d\u00e9lais de livraison sont indicatifs et peuvent varier entre 8 semaines et 12 semaines selon le type de produit s\u00e9lectionn\u00e9. L&#8217;information du d\u00e9lai de livraison est communiqu\u00e9e sur l&#8217;email de confirmation de commande re\u00e7u apr\u00e8s le passage de la commande. En aucune circonstance, les retards de livraison dus \u00e0 des retards de fabrication chez les fabricants de &#8220;un Tapis \u00e0 Paris&#8221;\u00a0ne peuvent donner lieu \u00e0 des indemnit\u00e9s et\/ou des dommages et int\u00e9r\u00eats.<\/p>\n<h2>Garantie<\/h2>\n<p>Tous les produits fournis par le vendeur b\u00e9n\u00e9ficient de la garantie l\u00e9gale pr\u00e9vue par les articles 1641 et suivants du Code civil.<br \/>\nEn cas de non conformit\u00e9 d&#8217;un produit vendu, il pourra \u00eatre retourn\u00e9 au vendeur qui le reprendra, l&#8217;\u00e9changera ou le remboursera.<br \/>\nToutes les r\u00e9clamations, demandes d&#8217;\u00e9change ou de remboursement doivent s&#8217;effectuer par voie postale \u00e0 l&#8217;adresse suivante : 11 rue Royale, 75008 Paris Paris dans le d\u00e9lai de trente jours de la livraison.<\/p>\n<h2>Responsabilit\u00e9<\/h2>\n<p>Le vendeur, dans le processus de vente en ligne, n&#8217;est tenu que par une obligation de moyens; sa responsabilit\u00e9 ne pourra \u00eatre engag\u00e9e pour un dommage r\u00e9sultant de l&#8217;utilisation du r\u00e9seau Internet tels que perte de donn\u00e9es, intrusion, virus, rupture du service, ou autres probl\u00e8mes involontaires.<\/p>\n<h2>Propri\u00e9t\u00e9 intellectuelle<\/h2>\n<p>Tous les \u00e9l\u00e9ments du site de &#8220;un Tapis \u00e0 Paris&#8221;\u00a0sont et restent la propri\u00e9t\u00e9 artistique et exclusive de &#8220;un Tapis \u00e0 Paris&#8221;.<br \/>\nPersonne n&#8217;est autoris\u00e9 \u00e0 reproduire, exploiter, rediffuser, ou utiliser \u00e0 quelque titre que ce soit, m\u00eame partiellement, des \u00e9l\u00e9ments du site qu&#8217;ils soient logiciels, visuels ou sonores.<br \/>\nTout lien simple ou par hypertexte est strictement interdit sans un accord \u00e9crit expr\u00e8s de &#8220;un Tapis \u00e0 Paris&#8221;.<\/p>\n<h2>Donn\u00e9es \u00e0 caract\u00e8re personnel<\/h2>\n<p>Conform\u00e9ment \u00e0 la loi relative \u00e0 l&#8217;informatique, aux fichiers et aux libert\u00e9s du 6 janvier 1978, les informations \u00e0 caract\u00e8re nominatif relatives aux acheteurs pourront faire l&#8217;objet d&#8217;un traitement automatis\u00e9.<br \/>\n&#8220;un Tapis \u00e0 Paris&#8221;\u00a0se r\u00e9serve le droit de collecter des informations sur les acheteurs y compris en utilisant des\u00a0cookies, et, s&#8217;il le souhaite, de transmettre \u00e0 des partenaires commerciaux les informations collect\u00e9es.<br \/>\nLes acheteurs peuvent s&#8217;opposer \u00e0 la divulgation de leurs coordonn\u00e9es en le signalant \u00e0 &#8220;un Tapis \u00e0 Paris&#8221;. \u00a0De m\u00eame, les utilisateurs disposent d&#8217;un droit d&#8217;acc\u00e8s et de rectification des donn\u00e9es les concernant, conform\u00e9ment \u00e0 la loi du 6\u00a0janvier 1978.<\/p>\n<h2>Archivage &#8211; Preuve<\/h2>\n<p>&#8220;un Tapis \u00e0 Paris&#8221;\u00a0archivera les bons de commandes et les factures sur un support fiable et durable constituant une copie fid\u00e8le conform\u00e9ment aux dispositions de l&#8217;article 1348 du Code civil.<br \/>\nLes registres informatis\u00e9s de &#8220;un Tapis \u00e0 Paris&#8221;\u00a0seront consid\u00e9r\u00e9s par les parties comme preuve des communications, commandes, paiements et transactions intervenus entre les parties.<\/p>\n<h2>R\u00e8glement des litiges<\/h2>\n<p>Les pr\u00e9sentes conditions de vente en ligne sont soumises \u00e0 la loi fran\u00e7aise.<br \/>\nEn cas de litige, comp\u00e9tence est attribu\u00e9e aux tribunaux comp\u00e9tents de Paris, nonobstant pluralit\u00e9 de d\u00e9fendeurs ou appel en garantie.<\/p>\n<\/div><\/div><\/div><\/div><\/div><\/p>\n","protected":false},"excerpt":{"rendered":"","protected":false},"author":3,"featured_media":0,"parent":0,"menu_order":10,"comment_status":"closed","ping_status":"closed","template":"","meta":{"_acf_changed":false,"footnotes":""},"class_list":["post-105","page","type-page","status-publish","hentry"],"acf":[],"yoast_head":"<!-- This site is optimized with the Yoast SEO plugin v24.1 - https:\/\/yoast.com\/wordpress\/plugins\/seo\/ -->\n<title>Un Tapis \u00e0 Paris - Designer Rugs - Designed in France &amp; Made in Europe<\/title>\n<meta name=\"description\" content=\"Abstract designs, contemporary patterns, hand-tufted &amp; limited editions, discover our collections made by the finest materials in Europe &amp; designed in Paris\" \/>\n<meta name=\"robots\" content=\"index, follow, max-snippet:-1, max-image-preview:large, max-video-preview:-1\" \/>\n<link rel=\"canonical\" href=\"https:\/\/www.untapisaparis.fr\/en\/terms-conditions\/\" \/>\n<meta property=\"og:locale\" content=\"en_US\" \/>\n<meta property=\"og:type\" content=\"article\" \/>\n<meta property=\"og:title\" content=\"Un Tapis \u00e0 Paris - Designer Rugs - Designed in France &amp; Made in Europe\" \/>\n<meta property=\"og:description\" content=\"Abstract designs, contemporary patterns, hand-tufted &amp; limited editions, discover our collections made by the finest materials in Europe &amp; designed in Paris\" \/>\n<meta property=\"og:url\" content=\"https:\/\/www.untapisaparis.fr\/en\/terms-conditions\/\" \/>\n<meta property=\"og:site_name\" content=\"Un Tapis \u00e0 Paris\" \/>\n<meta property=\"article:publisher\" content=\"https:\/\/www.facebook.com\/UnTapisAParis\/\" \/>\n<meta property=\"article:modified_time\" content=\"2020-01-31T09:17:02+00:00\" \/>\n<meta property=\"og:image\" content=\"https:\/\/www.untapisaparis.fr\/wp-content\/uploads\/2024\/04\/un-tapis-a-paris-logo.webp\" \/>\n\t<meta property=\"og:image:width\" content=\"450\" \/>\n\t<meta property=\"og:image:height\" content=\"102\" \/>\n\t<meta property=\"og:image:type\" content=\"image\/webp\" \/>\n<meta name=\"twitter:card\" content=\"summary_large_image\" \/>\n<meta name=\"twitter:label1\" content=\"Est. reading time\" \/>\n\t<meta name=\"twitter:data1\" content=\"9 minutes\" \/>\n<script type=\"application\/ld+json\" class=\"yoast-schema-graph\">{\"@context\":\"https:\/\/schema.org\",\"@graph\":[{\"@type\":\"WebPage\",\"@id\":\"https:\/\/www.untapisaparis.fr\/en\/terms-conditions\/\",\"url\":\"https:\/\/www.untapisaparis.fr\/en\/terms-conditions\/\",\"name\":\"Un Tapis \u00e0 Paris - Designer Rugs - Designed in France & Made in Europe\",\"isPartOf\":{\"@id\":\"https:\/\/www.untapisaparis.fr\/en\/#website\"},\"datePublished\":\"2013-04-29T14:19:59+00:00\",\"dateModified\":\"2020-01-31T09:17:02+00:00\",\"description\":\"Abstract designs, contemporary patterns, hand-tufted & limited editions, discover our collections made by the finest materials in Europe & designed in Paris\",\"breadcrumb\":{\"@id\":\"https:\/\/www.untapisaparis.fr\/en\/terms-conditions\/#breadcrumb\"},\"inLanguage\":\"en-US\",\"potentialAction\":[{\"@type\":\"ReadAction\",\"target\":[\"https:\/\/www.untapisaparis.fr\/en\/terms-conditions\/\"]}]},{\"@type\":\"BreadcrumbList\",\"@id\":\"https:\/\/www.untapisaparis.fr\/en\/terms-conditions\/#breadcrumb\",\"itemListElement\":[{\"@type\":\"ListItem\",\"position\":1,\"name\":\"Home\",\"item\":\"https:\/\/www.untapisaparis.fr\/en\/\"},{\"@type\":\"ListItem\",\"position\":2,\"name\":\"Terms &#038; Conditions\"}]},{\"@type\":\"WebSite\",\"@id\":\"https:\/\/www.untapisaparis.fr\/en\/#website\",\"url\":\"https:\/\/www.untapisaparis.fr\/en\/\",\"name\":\"Un Tapis \u00e0 Paris\",\"description\":\"Cr\u00e9ation fran\u00e7aise\",\"publisher\":{\"@id\":\"https:\/\/www.untapisaparis.fr\/en\/#organization\"},\"potentialAction\":[{\"@type\":\"SearchAction\",\"target\":{\"@type\":\"EntryPoint\",\"urlTemplate\":\"https:\/\/www.untapisaparis.fr\/en\/?s={search_term_string}\"},\"query-input\":{\"@type\":\"PropertyValueSpecification\",\"valueRequired\":true,\"valueName\":\"search_term_string\"}}],\"inLanguage\":\"en-US\"},{\"@type\":\"Organization\",\"@id\":\"https:\/\/www.untapisaparis.fr\/en\/#organization\",\"name\":\"Un Tapis \u00e0 Paris\",\"url\":\"https:\/\/www.untapisaparis.fr\/en\/\",\"logo\":{\"@type\":\"ImageObject\",\"inLanguage\":\"en-US\",\"@id\":\"https:\/\/www.untapisaparis.fr\/en\/#\/schema\/logo\/image\/\",\"url\":\"https:\/\/www.untapisaparis.fr\/wp-content\/uploads\/2023\/07\/logo-IG-UTAP.png\",\"contentUrl\":\"https:\/\/www.untapisaparis.fr\/wp-content\/uploads\/2023\/07\/logo-IG-UTAP.png\",\"width\":320,\"height\":320,\"caption\":\"Un Tapis \u00e0 Paris\"},\"image\":{\"@id\":\"https:\/\/www.untapisaparis.fr\/en\/#\/schema\/logo\/image\/\"},\"sameAs\":[\"https:\/\/www.facebook.com\/UnTapisAParis\/\",\"https:\/\/www.instagram.com\/untapisaparis\/\",\"https:\/\/www.linkedin.com\/company\/23691913\"]}]}<\/script>\n<!-- \/ Yoast SEO plugin. -->","yoast_head_json":{"title":"Un Tapis \u00e0 Paris - Designer Rugs - Designed in France & Made in Europe","description":"Abstract designs, contemporary patterns, hand-tufted & limited editions, discover our collections made by the finest materials in Europe & designed in Paris","robots":{"index":"index","follow":"follow","max-snippet":"max-snippet:-1","max-image-preview":"max-image-preview:large","max-video-preview":"max-video-preview:-1"},"canonical":"https:\/\/www.untapisaparis.fr\/en\/terms-conditions\/","og_locale":"en_US","og_type":"article","og_title":"Un Tapis \u00e0 Paris - Designer Rugs - Designed in France & Made in Europe","og_description":"Abstract designs, contemporary patterns, hand-tufted & limited editions, discover our collections made by the finest materials in Europe & designed in Paris","og_url":"https:\/\/www.untapisaparis.fr\/en\/terms-conditions\/","og_site_name":"Un Tapis \u00e0 Paris","article_publisher":"https:\/\/www.facebook.com\/UnTapisAParis\/","article_modified_time":"2020-01-31T09:17:02+00:00","og_image":[{"width":450,"height":102,"url":"https:\/\/www.untapisaparis.fr\/wp-content\/uploads\/2024\/04\/un-tapis-a-paris-logo.webp","type":"image\/webp"}],"twitter_card":"summary_large_image","twitter_misc":{"Est. reading time":"9 minutes"},"schema":{"@context":"https:\/\/schema.org","@graph":[{"@type":"WebPage","@id":"https:\/\/www.untapisaparis.fr\/en\/terms-conditions\/","url":"https:\/\/www.untapisaparis.fr\/en\/terms-conditions\/","name":"Un Tapis \u00e0 Paris - Designer Rugs - Designed in France & Made in Europe","isPartOf":{"@id":"https:\/\/www.untapisaparis.fr\/en\/#website"},"datePublished":"2013-04-29T14:19:59+00:00","dateModified":"2020-01-31T09:17:02+00:00","description":"Abstract designs, contemporary patterns, hand-tufted & limited editions, discover our collections made by the finest materials in Europe & designed in Paris","breadcrumb":{"@id":"https:\/\/www.untapisaparis.fr\/en\/terms-conditions\/#breadcrumb"},"inLanguage":"en-US","potentialAction":[{"@type":"ReadAction","target":["https:\/\/www.untapisaparis.fr\/en\/terms-conditions\/"]}]},{"@type":"BreadcrumbList","@id":"https:\/\/www.untapisaparis.fr\/en\/terms-conditions\/#breadcrumb","itemListElement":[{"@type":"ListItem","position":1,"name":"Home","item":"https:\/\/www.untapisaparis.fr\/en\/"},{"@type":"ListItem","position":2,"name":"Terms &#038; Conditions"}]},{"@type":"WebSite","@id":"https:\/\/www.untapisaparis.fr\/en\/#website","url":"https:\/\/www.untapisaparis.fr\/en\/","name":"Un Tapis \u00e0 Paris","description":"Cr\u00e9ation fran\u00e7aise","publisher":{"@id":"https:\/\/www.untapisaparis.fr\/en\/#organization"},"potentialAction":[{"@type":"SearchAction","target":{"@type":"EntryPoint","urlTemplate":"https:\/\/www.untapisaparis.fr\/en\/?s={search_term_string}"},"query-input":{"@type":"PropertyValueSpecification","valueRequired":true,"valueName":"search_term_string"}}],"inLanguage":"en-US"},{"@type":"Organization","@id":"https:\/\/www.untapisaparis.fr\/en\/#organization","name":"Un Tapis \u00e0 Paris","url":"https:\/\/www.untapisaparis.fr\/en\/","logo":{"@type":"ImageObject","inLanguage":"en-US","@id":"https:\/\/www.untapisaparis.fr\/en\/#\/schema\/logo\/image\/","url":"https:\/\/www.untapisaparis.fr\/wp-content\/uploads\/2023\/07\/logo-IG-UTAP.png","contentUrl":"https:\/\/www.untapisaparis.fr\/wp-content\/uploads\/2023\/07\/logo-IG-UTAP.png","width":320,"height":320,"caption":"Un Tapis \u00e0 Paris"},"image":{"@id":"https:\/\/www.untapisaparis.fr\/en\/#\/schema\/logo\/image\/"},"sameAs":["https:\/\/www.facebook.com\/UnTapisAParis\/","https:\/\/www.instagram.com\/untapisaparis\/","https:\/\/www.linkedin.com\/company\/23691913"]}]}},"_links":{"self":[{"href":"https:\/\/www.untapisaparis.fr\/en\/wp-json\/wp\/v2\/pages\/105","targetHints":{"allow":["GET"]}}],"collection":[{"href":"https:\/\/www.untapisaparis.fr\/en\/wp-json\/wp\/v2\/pages"}],"about":[{"href":"https:\/\/www.untapisaparis.fr\/en\/wp-json\/wp\/v2\/types\/page"}],"author":[{"embeddable":true,"href":"https:\/\/www.untapisaparis.fr\/en\/wp-json\/wp\/v2\/users\/3"}],"replies":[{"embeddable":true,"href":"https:\/\/www.untapisaparis.fr\/en\/wp-json\/wp\/v2\/comments?post=105"}],"version-history":[{"count":0,"href":"https:\/\/www.untapisaparis.fr\/en\/wp-json\/wp\/v2\/pages\/105\/revisions"}],"wp:attachment":[{"href":"https:\/\/www.untapisaparis.fr\/en\/wp-json\/wp\/v2\/media?parent=105"}],"curies":[{"name":"wp","href":"https:\/\/api.w.org\/{rel}","templated":true}]}}