{"id":6100,"date":"2019-06-25T15:53:02","date_gmt":"2019-06-25T14:53:02","guid":{"rendered":"https:\/\/www.untapisaparis.fr\/?page_id=6100"},"modified":"2025-09-26T09:06:48","modified_gmt":"2025-09-26T08:06:48","slug":"catalogues-2","status":"publish","type":"page","link":"https:\/\/www.untapisaparis.fr\/en\/catalogues-2\/","title":{"rendered":"Catalogue"},"content":{"rendered":"<p><div class=\"fusion-fullwidth fullwidth-box fusion-builder-row-1 fusion-flex-container nonhundred-percent-fullwidth non-hundred-percent-height-scrolling\" style=\"--awb-border-radius-top-left:0px;--awb-border-radius-top-right:0px;--awb-border-radius-bottom-right:0px;--awb-border-radius-bottom-left:0px;--awb-flex-wrap:wrap;\" ><div class=\"fusion-builder-row fusion-row fusion-flex-align-items-flex-start fusion-flex-content-wrap\" style=\"max-width:calc( 1100px + 0px );margin-left: calc(-0px \/ 2 );margin-right: calc(-0px \/ 2 );\"><div class=\"fusion-layout-column fusion_builder_column fusion-builder-column-0 fusion_builder_column_1_1 1_1 fusion-flex-column\" style=\"--awb-bg-size:cover;--awb-width-large:100%;--awb-margin-top-large:0px;--awb-spacing-right-large:0px;--awb-margin-bottom-large:20px;--awb-spacing-left-large:0px;--awb-width-medium:100%;--awb-spacing-right-medium:0px;--awb-spacing-left-medium:0px;--awb-width-small:100%;--awb-spacing-right-small:0px;--awb-spacing-left-small:0px;\"><div class=\"fusion-column-wrapper fusion-column-has-shadow fusion-flex-justify-content-flex-start fusion-content-layout-column\"><!-- Global site tag (gtag.js) - Google Analytics -->\n<script async src=\"https:\/\/www.googletagmanager.com\/gtag\/js?id=UA-44799108-1\"><\/script>\n<script>\n  window.dataLayer = window.dataLayer || [];\n  function gtag(){dataLayer.push(arguments);}\n  gtag('js', new Date());\n\n  gtag('config', 'UA-44799108-1');\n<\/script>\n<\/div><\/div><\/div><\/div><div class=\"fusion-fullwidth fullwidth-box fusion-builder-row-2 fusion-flex-container nonhundred-percent-fullwidth non-hundred-percent-height-scrolling\" style=\"--awb-border-radius-top-left:0px;--awb-border-radius-top-right:0px;--awb-border-radius-bottom-right:0px;--awb-border-radius-bottom-left:0px;--awb-flex-wrap:wrap;\" ><div class=\"fusion-builder-row fusion-row fusion-flex-align-items-center fusion-flex-justify-content-center fusion-flex-content-wrap\" style=\"max-width:1210px;margin-left: calc(-10% \/ 2 );margin-right: calc(-10% \/ 2 );\"><div class=\"fusion-layout-column fusion_builder_column fusion-builder-column-1 fusion_builder_column_1_1 1_1 fusion-flex-column\" style=\"--awb-bg-size:cover;--awb-width-large:100%;--awb-margin-top-large:0px;--awb-spacing-right-large:4.5%;--awb-margin-bottom-large:20px;--awb-spacing-left-large:4.5%;--awb-width-medium:100%;--awb-order-medium:0;--awb-spacing-right-medium:4.5%;--awb-spacing-left-medium:4.5%;--awb-width-small:100%;--awb-order-small:0;--awb-spacing-right-small:4.5%;--awb-spacing-left-small:4.5%;\"><div class=\"fusion-column-wrapper fusion-column-has-shadow fusion-flex-justify-content-flex-start fusion-content-layout-column\"><div class=\"fusion-image-element \" style=\"text-align:center;--awb-caption-title-font-family:var(--h2_typography-font-family);--awb-caption-title-font-weight:var(--h2_typography-font-weight);--awb-caption-title-font-style:var(--h2_typography-font-style);--awb-caption-title-size:var(--h2_typography-font-size);--awb-caption-title-transform:var(--h2_typography-text-transform);--awb-caption-title-line-height:var(--h2_typography-line-height);--awb-caption-title-letter-spacing:var(--h2_typography-letter-spacing);\"><span class=\" fusion-imageframe imageframe-none imageframe-1 hover-type-none fusion-animated\" data-animationType=\"fadeIn\" data-animationDuration=\"3.0\" data-animationOffset=\"top-into-view\"><a class=\"fusion-no-lightbox\" href=\"https:\/\/www.untapisaparis.fr\/wp-content\/uploads\/2025\/09\/UTAP-Catalogue-2025-1.pdf\" target=\"_self\" aria-label=\"0 Couverture catalogue intemporel\"><img decoding=\"async\" width=\"2024\" height=\"1431\" src=\"https:\/\/www.untapisaparis.fr\/wp-content\/uploads\/2023\/06\/0-Couverture-catalogue-intemporel.png\" data-orig-src=\"https:\/\/www.untapisaparis.fr\/wp-content\/uploads\/2023\/06\/0-Couverture-catalogue-intemporel-2024x1431.png\" alt class=\"lazyload img-responsive wp-image-10856\" srcset=\"data:image\/svg+xml,%3Csvg%20xmlns%3D%27http%3A%2F%2Fwww.w3.org%2F2000%2Fsvg%27%20width%3D%272339%27%20height%3D%271654%27%20viewBox%3D%270%200%202339%201654%27%3E%3Crect%20width%3D%272339%27%20height%3D%271654%27%20fill-opacity%3D%220%22%2F%3E%3C%2Fsvg%3E\" data-srcset=\"https:\/\/www.untapisaparis.fr\/wp-content\/uploads\/2023\/06\/0-Couverture-catalogue-intemporel-200x141.png 200w, https:\/\/www.untapisaparis.fr\/wp-content\/uploads\/2023\/06\/0-Couverture-catalogue-intemporel-400x283.png 400w, https:\/\/www.untapisaparis.fr\/wp-content\/uploads\/2023\/06\/0-Couverture-catalogue-intemporel-600x424.png 600w, https:\/\/www.untapisaparis.fr\/wp-content\/uploads\/2023\/06\/0-Couverture-catalogue-intemporel-800x566.png 800w, https:\/\/www.untapisaparis.fr\/wp-content\/uploads\/2023\/06\/0-Couverture-catalogue-intemporel-1200x849.png 1200w\" data-sizes=\"auto\" data-orig-sizes=\"(max-width: 1024px) 100vw, (max-width: 640px) 100vw, 1200px\" \/><\/a><\/span><\/div><\/div><\/div><\/div><\/div><\/p>\n","protected":false},"excerpt":{"rendered":"","protected":false},"author":3,"featured_media":0,"parent":0,"menu_order":4,"comment_status":"closed","ping_status":"closed","template":"","meta":{"_acf_changed":false,"footnotes":""},"class_list":["post-6100","page","type-page","status-publish","hentry"],"acf":[],"yoast_head":"<!-- This site is optimized with the Yoast SEO plugin v24.1 - https:\/\/yoast.com\/wordpress\/plugins\/seo\/ -->\n<title>Un Tapis \u00e0 Paris - Designer Rugs - Made in Europe<\/title>\n<meta name=\"description\" content=\"Abstract designs, contemporary patterns, hand-tufted &amp; limited editions, discover our collections made by the finest materials in Europe &amp; designed in Paris\" \/>\n<meta name=\"robots\" content=\"index, follow, max-snippet:-1, max-image-preview:large, max-video-preview:-1\" \/>\n<link rel=\"canonical\" href=\"https:\/\/www.untapisaparis.fr\/en\/catalogues-2\/\" \/>\n<meta property=\"og:locale\" content=\"en_US\" \/>\n<meta property=\"og:type\" content=\"article\" \/>\n<meta property=\"og:title\" content=\"Un Tapis \u00e0 Paris - Designer Rugs - Made in Europe\" \/>\n<meta property=\"og:description\" content=\"Abstract designs, contemporary patterns, hand-tufted &amp; limited editions, discover our collections made by the finest materials in Europe &amp; designed in Paris\" \/>\n<meta property=\"og:url\" content=\"https:\/\/www.untapisaparis.fr\/en\/catalogues-2\/\" \/>\n<meta property=\"og:site_name\" content=\"Un Tapis \u00e0 Paris\" \/>\n<meta property=\"article:publisher\" content=\"https:\/\/www.facebook.com\/UnTapisAParis\/\" \/>\n<meta property=\"article:modified_time\" content=\"2025-09-26T08:06:48+00:00\" \/>\n<meta property=\"og:image\" content=\"https:\/\/www.untapisaparis.fr\/wp-content\/uploads\/2024\/04\/un-tapis-a-paris-logo.webp\" \/>\n\t<meta property=\"og:image:width\" content=\"450\" \/>\n\t<meta property=\"og:image:height\" content=\"102\" \/>\n\t<meta property=\"og:image:type\" content=\"image\/webp\" \/>\n<meta name=\"twitter:card\" content=\"summary_large_image\" \/>\n<meta name=\"twitter:label1\" content=\"Est. reading time\" \/>\n\t<meta name=\"twitter:data1\" content=\"3 minutes\" \/>\n<script type=\"application\/ld+json\" class=\"yoast-schema-graph\">{\"@context\":\"https:\/\/schema.org\",\"@graph\":[{\"@type\":\"WebPage\",\"@id\":\"https:\/\/www.untapisaparis.fr\/en\/catalogues-2\/\",\"url\":\"https:\/\/www.untapisaparis.fr\/en\/catalogues-2\/\",\"name\":\"Un Tapis \u00e0 Paris - Designer Rugs - Made in Europe\",\"isPartOf\":{\"@id\":\"https:\/\/www.untapisaparis.fr\/en\/#website\"},\"datePublished\":\"2019-06-25T14:53:02+00:00\",\"dateModified\":\"2025-09-26T08:06:48+00:00\",\"description\":\"Abstract designs, contemporary patterns, hand-tufted & limited editions, discover our collections made by the finest materials in Europe & designed in Paris\",\"breadcrumb\":{\"@id\":\"https:\/\/www.untapisaparis.fr\/en\/catalogues-2\/#breadcrumb\"},\"inLanguage\":\"en-US\",\"potentialAction\":[{\"@type\":\"ReadAction\",\"target\":[\"https:\/\/www.untapisaparis.fr\/en\/catalogues-2\/\"]}]},{\"@type\":\"BreadcrumbList\",\"@id\":\"https:\/\/www.untapisaparis.fr\/en\/catalogues-2\/#breadcrumb\",\"itemListElement\":[{\"@type\":\"ListItem\",\"position\":1,\"name\":\"Home\",\"item\":\"https:\/\/www.untapisaparis.fr\/en\/\"},{\"@type\":\"ListItem\",\"position\":2,\"name\":\"Catalogue\"}]},{\"@type\":\"WebSite\",\"@id\":\"https:\/\/www.untapisaparis.fr\/en\/#website\",\"url\":\"https:\/\/www.untapisaparis.fr\/en\/\",\"name\":\"Un Tapis \u00e0 Paris\",\"description\":\"Cr\u00e9ation fran\u00e7aise\",\"publisher\":{\"@id\":\"https:\/\/www.untapisaparis.fr\/en\/#organization\"},\"potentialAction\":[{\"@type\":\"SearchAction\",\"target\":{\"@type\":\"EntryPoint\",\"urlTemplate\":\"https:\/\/www.untapisaparis.fr\/en\/?s={search_term_string}\"},\"query-input\":{\"@type\":\"PropertyValueSpecification\",\"valueRequired\":true,\"valueName\":\"search_term_string\"}}],\"inLanguage\":\"en-US\"},{\"@type\":\"Organization\",\"@id\":\"https:\/\/www.untapisaparis.fr\/en\/#organization\",\"name\":\"Un Tapis \u00e0 Paris\",\"url\":\"https:\/\/www.untapisaparis.fr\/en\/\",\"logo\":{\"@type\":\"ImageObject\",\"inLanguage\":\"en-US\",\"@id\":\"https:\/\/www.untapisaparis.fr\/en\/#\/schema\/logo\/image\/\",\"url\":\"https:\/\/www.untapisaparis.fr\/wp-content\/uploads\/2023\/07\/logo-IG-UTAP.png\",\"contentUrl\":\"https:\/\/www.untapisaparis.fr\/wp-content\/uploads\/2023\/07\/logo-IG-UTAP.png\",\"width\":320,\"height\":320,\"caption\":\"Un Tapis \u00e0 Paris\"},\"image\":{\"@id\":\"https:\/\/www.untapisaparis.fr\/en\/#\/schema\/logo\/image\/\"},\"sameAs\":[\"https:\/\/www.facebook.com\/UnTapisAParis\/\",\"https:\/\/www.instagram.com\/untapisaparis\/\",\"https:\/\/www.linkedin.com\/company\/23691913\"]}]}<\/script>\n<!-- \/ Yoast SEO plugin. -->","yoast_head_json":{"title":"Un Tapis \u00e0 Paris - Designer Rugs - Made in Europe","description":"Abstract designs, contemporary patterns, hand-tufted & limited editions, discover our collections made by the finest materials in Europe & designed in Paris","robots":{"index":"index","follow":"follow","max-snippet":"max-snippet:-1","max-image-preview":"max-image-preview:large","max-video-preview":"max-video-preview:-1"},"canonical":"https:\/\/www.untapisaparis.fr\/en\/catalogues-2\/","og_locale":"en_US","og_type":"article","og_title":"Un Tapis \u00e0 Paris - Designer Rugs - Made in Europe","og_description":"Abstract designs, contemporary patterns, hand-tufted & limited editions, discover our collections made by the finest materials in Europe & designed in Paris","og_url":"https:\/\/www.untapisaparis.fr\/en\/catalogues-2\/","og_site_name":"Un Tapis \u00e0 Paris","article_publisher":"https:\/\/www.facebook.com\/UnTapisAParis\/","article_modified_time":"2025-09-26T08:06:48+00:00","og_image":[{"width":450,"height":102,"url":"https:\/\/www.untapisaparis.fr\/wp-content\/uploads\/2024\/04\/un-tapis-a-paris-logo.webp","type":"image\/webp"}],"twitter_card":"summary_large_image","twitter_misc":{"Est. reading time":"3 minutes"},"schema":{"@context":"https:\/\/schema.org","@graph":[{"@type":"WebPage","@id":"https:\/\/www.untapisaparis.fr\/en\/catalogues-2\/","url":"https:\/\/www.untapisaparis.fr\/en\/catalogues-2\/","name":"Un Tapis \u00e0 Paris - Designer Rugs - Made in Europe","isPartOf":{"@id":"https:\/\/www.untapisaparis.fr\/en\/#website"},"datePublished":"2019-06-25T14:53:02+00:00","dateModified":"2025-09-26T08:06:48+00:00","description":"Abstract designs, contemporary patterns, hand-tufted & limited editions, discover our collections made by the finest materials in Europe & designed in Paris","breadcrumb":{"@id":"https:\/\/www.untapisaparis.fr\/en\/catalogues-2\/#breadcrumb"},"inLanguage":"en-US","potentialAction":[{"@type":"ReadAction","target":["https:\/\/www.untapisaparis.fr\/en\/catalogues-2\/"]}]},{"@type":"BreadcrumbList","@id":"https:\/\/www.untapisaparis.fr\/en\/catalogues-2\/#breadcrumb","itemListElement":[{"@type":"ListItem","position":1,"name":"Home","item":"https:\/\/www.untapisaparis.fr\/en\/"},{"@type":"ListItem","position":2,"name":"Catalogue"}]},{"@type":"WebSite","@id":"https:\/\/www.untapisaparis.fr\/en\/#website","url":"https:\/\/www.untapisaparis.fr\/en\/","name":"Un Tapis \u00e0 Paris","description":"Cr\u00e9ation fran\u00e7aise","publisher":{"@id":"https:\/\/www.untapisaparis.fr\/en\/#organization"},"potentialAction":[{"@type":"SearchAction","target":{"@type":"EntryPoint","urlTemplate":"https:\/\/www.untapisaparis.fr\/en\/?s={search_term_string}"},"query-input":{"@type":"PropertyValueSpecification","valueRequired":true,"valueName":"search_term_string"}}],"inLanguage":"en-US"},{"@type":"Organization","@id":"https:\/\/www.untapisaparis.fr\/en\/#organization","name":"Un Tapis \u00e0 Paris","url":"https:\/\/www.untapisaparis.fr\/en\/","logo":{"@type":"ImageObject","inLanguage":"en-US","@id":"https:\/\/www.untapisaparis.fr\/en\/#\/schema\/logo\/image\/","url":"https:\/\/www.untapisaparis.fr\/wp-content\/uploads\/2023\/07\/logo-IG-UTAP.png","contentUrl":"https:\/\/www.untapisaparis.fr\/wp-content\/uploads\/2023\/07\/logo-IG-UTAP.png","width":320,"height":320,"caption":"Un Tapis \u00e0 Paris"},"image":{"@id":"https:\/\/www.untapisaparis.fr\/en\/#\/schema\/logo\/image\/"},"sameAs":["https:\/\/www.facebook.com\/UnTapisAParis\/","https:\/\/www.instagram.com\/untapisaparis\/","https:\/\/www.linkedin.com\/company\/23691913"]}]}},"_links":{"self":[{"href":"https:\/\/www.untapisaparis.fr\/en\/wp-json\/wp\/v2\/pages\/6100","targetHints":{"allow":["GET"]}}],"collection":[{"href":"https:\/\/www.untapisaparis.fr\/en\/wp-json\/wp\/v2\/pages"}],"about":[{"href":"https:\/\/www.untapisaparis.fr\/en\/wp-json\/wp\/v2\/types\/page"}],"author":[{"embeddable":true,"href":"https:\/\/www.untapisaparis.fr\/en\/wp-json\/wp\/v2\/users\/3"}],"replies":[{"embeddable":true,"href":"https:\/\/www.untapisaparis.fr\/en\/wp-json\/wp\/v2\/comments?post=6100"}],"version-history":[{"count":3,"href":"https:\/\/www.untapisaparis.fr\/en\/wp-json\/wp\/v2\/pages\/6100\/revisions"}],"predecessor-version":[{"id":12997,"href":"https:\/\/www.untapisaparis.fr\/en\/wp-json\/wp\/v2\/pages\/6100\/revisions\/12997"}],"wp:attachment":[{"href":"https:\/\/www.untapisaparis.fr\/en\/wp-json\/wp\/v2\/media?parent=6100"}],"curies":[{"name":"wp","href":"https:\/\/api.w.org\/{rel}","templated":true}]}}